{"id":5555,"date":"2022-04-22T07:53:22","date_gmt":"2022-04-22T05:53:22","guid":{"rendered":"https:\/\/jur-law.de\/team\/rechtsanwalt-ahmet-caglayan\/"},"modified":"2022-04-22T07:53:22","modified_gmt":"2022-04-22T05:53:22","slug":"rechtsanwalt-ahmet-caglayan","status":"publish","type":"page","link":"https:\/\/jur-law.de\/en\/team\/rechtsanwalt-ahmet-caglayan\/","title":{"rendered":"Rechtsanwalt Ahmet Caglayan"},"content":{"rendered":"<div class=\"wpb-content-wrapper\"><p>[vc_row][vc_column][\/vc_column][\/vc_row][vc_row][vc_column][vc_row_inner][vc_column_inner][vc_column_text css=&#8221;&#8221;]<\/p>\n<h1><span style=\"font-family: arial, helvetica, sans-serif;\">Ahmet \u00c7a\u011flayan<\/span><br \/>\n<span style=\"color: #99a9b5;\">Rechtsanwalt<\/span><\/h1>\n<p><strong>Baurecht, Architektenrecht und Arbeitsrecht<br \/>\n<\/strong>[\/vc_column_text][\/vc_column_inner][\/vc_row_inner][\/vc_column][\/vc_row][vc_row][vc_column]<div class=\"preloader\"><div class=\"preloader-spin\"><\/div><\/div> <div id=\"gem-gallery-69df38de59cae\" class=\"gem-gallery gem-gallery-hover-horizontal-sliding no-thumbs\" data-autoscroll=\"4000\"> <div class=\"gem-gallery-item\"> <div class=\"gem-gallery-item-image\"> <a href=\"https:\/\/jur-law.de\/wp-content\/uploads\/rechtsanwalt-team-Ahmet-Caglayan1-thegem-gallery-fullwidth.jpg\" data-fancybox-group=\"gallery-69df38de59cae\" data-full-image-url=\"https:\/\/jur-law.de\/wp-content\/uploads\/rechtsanwalt-team-Ahmet-Caglayan1.jpg\"> <svg width=\"20\" height=\"10\"><path d=\"M 0,10 Q 9,9 10,0 Q 11,9 20,10\" \/><\/svg> <img src=\"https:\/\/jur-law.de\/wp-content\/uploads\/rechtsanwalt-team-Ahmet-Caglayan1-thegem-post-thumb-small.jpg\" alt=\"Rechtsanwalt Team - Ahmet Caglayan\" class=\"img-responsive\"> <span class=\"gem-gallery-caption slide-info\"> <\/span> <\/a> <span class=\"gem-gallery-line\"><\/span> <\/div> <\/div> <div class=\"gem-gallery-item\"> <div class=\"gem-gallery-item-image\"> <a href=\"https:\/\/jur-law.de\/wp-content\/uploads\/rechtsanwalt-team-Ahmet-Caglayan-4-thegem-gallery-fullwidth.jpg\" data-fancybox-group=\"gallery-69df38de59cae\" data-full-image-url=\"https:\/\/jur-law.de\/wp-content\/uploads\/rechtsanwalt-team-Ahmet-Caglayan-4.jpg\"> <svg width=\"20\" height=\"10\"><path d=\"M 0,10 Q 9,9 10,0 Q 11,9 20,10\" \/><\/svg> <img src=\"https:\/\/jur-law.de\/wp-content\/uploads\/rechtsanwalt-team-Ahmet-Caglayan-4-thegem-post-thumb-small.jpg\" alt=\"Rechtsanwalt Team - Ahmet Caglayan\" class=\"img-responsive\"> <span class=\"gem-gallery-caption slide-info\"> <\/span> <\/a> <span class=\"gem-gallery-line\"><\/span> <\/div> <\/div> <\/div>[vc_row_inner][vc_column_inner width=&#8221;1\/6&#8243;][vc_raw_html el_id=&#8221;img&#8221;]JTNDcCUyMHN0eWxlJTNEJTIydGV4dC1hbGlnbiUzQSUyMGNlbnRlciUyMiUzRSUzQ2ElMjBocmVmJTNEJTIybWFpbHRvJTNBYmVybGluJTQwanVyLWxhdy5kZSUyMiUzRSUzQ2ltZyUyMHNyYyUzRCUyMmh0dHBzJTNBJTJGJTJGanVyLWxhdy5kZSUyRndwLWNvbnRlbnQlMkZ1cGxvYWRzJTJGbWFpbC5qcGclMjIlMjBvbm1vdXNlb3ZlciUzRCUyMnRoaXMuc3JjJTNEJTI3aHR0cHMlM0ElMkYlMkZqdXItbGF3LmRlJTJGd3AtY29udGVudCUyRnVwbG9hZHMlMkZtYWlsMi5qcGclMjclMjIlMjBvbm1vdXNlb3V0JTNEJTIydGhpcy5zcmMlM0QlMjdodHRwcyUzQSUyRiUyRmp1ci1sYXcuZGUlMkZ3cC1jb250ZW50JTJGdXBsb2FkcyUyRm1haWwuanBnJTI3JTIyJTNFJTNDJTJGYSUzRSUzQyUyRnAlM0U=[\/vc_raw_html][\/vc_column_inner][vc_column_inner el_class=&#8221;flex&#8221; width=&#8221;1\/6&#8243;][vc_raw_html]JTNDcCUyMHN0eWxlJTNEJTIydGV4dC1hbGlnbiUzQSUyMGNlbnRlciUyMiUzRSUzQ2ElMjBocmVmJTNEJTIydGVsJTNBJTJCNDkwMzA1NTU3ODI4MjAlMjIlM0UlM0NpbWclMjBzcmMlM0QlMjJodHRwcyUzQSUyRiUyRmp1ci1sYXcuZGUlMkZ3cC1jb250ZW50JTJGdXBsb2FkcyUyRnBob25lMi5qcGclMjIlMjBvbm1vdXNlb3ZlciUzRCUyMnRoaXMuc3JjJTNEJTI3aHR0cHMlM0ElMkYlMkZqdXItbGF3LmRlJTJGd3AtY29udGVudCUyRnVwbG9hZHMlMkZwaG9uZS5qcGclMjclMjIlMjBvbm1vdXNlb3V0JTNEJTIydGhpcy5zcmMlM0QlMjdodHRwcyUzQSUyRiUyRmp1ci1sYXcuZGUlMkZ3cC1jb250ZW50JTJGdXBsb2FkcyUyRnBob25lMi5qcGclMjclMjIlM0UlM0MlMkZhJTNFJTNDJTJGcCUzRQ==[\/vc_raw_html][\/vc_column_inner][vc_column_inner width=&#8221;1\/6&#8243;]<div class=\"socials socials-list socials-colored-hover socials-default socials-alignment-center\"><a class=\"socials-item\" target=\"_blank\" href=\"https:\/\/www.linkedin.com\/company\/jur-urban-rechtsanwaltsgesellschaft-mbh\/?viewAsMember=true\" style=\"color: #bcbcbc;\"><i class=\"socials-item-icon linkedin\" style=\"font-size: 40px\"><\/i><\/a><\/div>[\/vc_column_inner][vc_column_inner width=&#8221;1\/6&#8243;][vc_raw_html]JTNDcCUyMHN0eWxlJTNEJTIydGV4dC1hbGlnbiUzQSUyMGNlbnRlciUyMiUzRSUzQ2ElMjBocmVmJTNEJTIyaHR0cHMlM0ElMkYlMkZ3d3cueGluZy5jb20lMkZwcm9maWxlJTJGSnVsaWFuX1VyYmFuMiUyRmN2JTIyJTNFJTNDaW1nJTIwc3JjJTNEJTIyaHR0cHMlM0ElMkYlMkZqdXItbGF3LmRlJTJGd3AtY29udGVudCUyRnVwbG9hZHMlMkZ4aW5nLmpwZyUyMiUyMG9ubW91c2VvdmVyJTNEJTIydGhpcy5zcmMlM0QlMjdodHRwcyUzQSUyRiUyRmp1ci1sYXcuZGUlMkZ3cC1jb250ZW50JTJGdXBsb2FkcyUyRnhpbmcxLmpwZyUyNyUyMiUyMG9ubW91c2VvdXQlM0QlMjJ0aGlzLnNyYyUzRCUyN2h0dHBzJTNBJTJGJTJGanVyLWxhdy5kZSUyRndwLWNvbnRlbnQlMkZ1cGxvYWRzJTJGeGluZy5qcGclMjclMjIlM0UlM0MlMkZhJTNFJTNDJTJGcCUzRQ==[\/vc_raw_html][\/vc_column_inner][vc_column_inner width=&#8221;1\/6&#8243;][\/vc_column_inner][vc_column_inner width=&#8221;1\/6&#8243;][\/vc_column_inner][\/vc_row_inner][\/vc_column][\/vc_row][vc_row][vc_column]<div class=\"clearboth\"><\/div><style>#thegem-divider-69df38de5a1e4 {margin-top: 20px !important;}<\/style><div id=\"thegem-divider-69df38de5a1e4\" class=\"gem-divider  \" style=\"\" ><\/div>[vc_tta_accordion style=&#8221;simple_solid&#8221; shape=&#8221;square&#8221; c_icon=&#8221;solid_squared&#8221; active_section=&#8221;1&#8243; css_animation=&#8221;bottom-to-top&#8221;][vc_tta_section title=&#8221;T\u00e4tigkeitsschwerpunkte&#8221; tab_id=&#8221;1537886795505-da734425-425a&#8221;][vc_column_text][\/vc_column_text][\/vc_tta_section][vc_tta_section title=&#8221;Ausbildung&#8221; tab_id=&#8221;1537886795582-40be33fc-27d8&#8243;][vc_column_text][\/vc_column_text][\/vc_tta_section][\/vc_tta_accordion]<div class=\"clearboth\"><\/div><style>#thegem-divider-69df38de5a20c {margin-top: 50px !important;}<\/style><div id=\"thegem-divider-69df38de5a20c\" class=\"gem-divider  \" style=\"\" ><\/div><div style=''  class=\"gem-quote gem-quote-style-1 gem-quote-no-paddings custom-color-blockqute-mark-added\" ><blockquote  >Umf\u00e4ngliche Unterst\u00fctzung ihrer Mandanten, die \u00fcber das erforderliche Wissen der rechtlichen Grundlagen hinausgeht.<\/blockquote><span style=color:#2e5477;  class=\"custom-color-blockqute-mark\">&#xe60c;<\/span><\/div><div class=\"clearboth\"><\/div><style>#thegem-divider-69df38de5a24e {margin-top: 50px !important;}<\/style><div id=\"thegem-divider-69df38de5a24e\" class=\"gem-divider  \" style=\"\" ><\/div>[\/vc_column][\/vc_row]<\/p>\n<\/div>","protected":false},"excerpt":{"rendered":"<p>[vc_row][vc_column][\/vc_column][\/vc_row][vc_row][vc_column][vc_row_inner][vc_column_inner][vc_column_text css=&#8221;&#8221;] Ahmet \u00c7a\u011flayan Rechtsanwalt Baurecht, Architektenrecht und Arbeitsrecht [\/vc_column_text][\/vc_column_inner][\/vc_row_inner][\/vc_column][\/vc_row][vc_row][vc_column][vc_row_inner][vc_column_inner width=&#8221;1\/6&#8243;][vc_raw_html el_id=&#8221;img&#8221;]JTNDcCUyMHN0eWxlJTNEJTIydGV4dC1hbGlnbiUzQSUyMGNlbnRlciUyMiUzRSUzQ2ElMjBocmVmJTNEJTIybWFpbHRvJTNBYmVybGluJTQwanVyLWxhdy5kZSUyMiUzRSUzQ2ltZyUyMHNyYyUzRCUyMmh0dHBzJTNBJTJGJTJGanVyLWxhdy5kZSUyRndwLWNvbnRlbnQlMkZ1cGxvYWRzJTJGbWFpbC5qcGclMjIlMjBvbm1vdXNlb3ZlciUzRCUyMnRoaXMuc3JjJTNEJTI3aHR0cHMlM0ElMkYlMkZqdXItbGF3LmRlJTJGd3AtY29udGVudCUyRnVwbG9hZHMlMkZtYWlsMi5qcGclMjclMjIlMjBvbm1vdXNlb3V0JTNEJTIydGhpcy5zcmMlM0QlMjdodHRwcyUzQSUyRiUyRmp1ci1sYXcuZGUlMkZ3cC1jb250ZW50JTJGdXBsb2FkcyUyRm1haWwuanBnJTI3JTIyJTNFJTNDJTJGYSUzRSUzQyUyRnAlM0U=[\/vc_raw_html][\/vc_column_inner][vc_column_inner el_class=&#8221;flex&#8221; width=&#8221;1\/6&#8243;][vc_raw_html]JTNDcCUyMHN0eWxlJTNEJTIydGV4dC1hbGlnbiUzQSUyMGNlbnRlciUyMiUzRSUzQ2ElMjBocmVmJTNEJTIydGVsJTNBJTJCNDkwMzA1NTU3ODI4MjAlMjIlM0UlM0NpbWclMjBzcmMlM0QlMjJodHRwcyUzQSUyRiUyRmp1ci1sYXcuZGUlMkZ3cC1jb250ZW50JTJGdXBsb2FkcyUyRnBob25lMi5qcGclMjIlMjBvbm1vdXNlb3ZlciUzRCUyMnRoaXMuc3JjJTNEJTI3aHR0cHMlM0ElMkYlMkZqdXItbGF3LmRlJTJGd3AtY29udGVudCUyRnVwbG9hZHMlMkZwaG9uZS5qcGclMjclMjIlMjBvbm1vdXNlb3V0JTNEJTIydGhpcy5zcmMlM0QlMjdodHRwcyUzQSUyRiUyRmp1ci1sYXcuZGUlMkZ3cC1jb250ZW50JTJGdXBsb2FkcyUyRnBob25lMi5qcGclMjclMjIlM0UlM0MlMkZhJTNFJTNDJTJGcCUzRQ==[\/vc_raw_html][\/vc_column_inner][vc_column_inner width=&#8221;1\/6&#8243;][\/vc_column_inner][vc_column_inner width=&#8221;1\/6&#8243;][vc_raw_html]JTNDcCUyMHN0eWxlJTNEJTIydGV4dC1hbGlnbiUzQSUyMGNlbnRlciUyMiUzRSUzQ2ElMjBocmVmJTNEJTIyaHR0cHMlM0ElMkYlMkZ3d3cueGluZy5jb20lMkZwcm9maWxlJTJGSnVsaWFuX1VyYmFuMiUyRmN2JTIyJTNFJTNDaW1nJTIwc3JjJTNEJTIyaHR0cHMlM0ElMkYlMkZqdXItbGF3LmRlJTJGd3AtY29udGVudCUyRnVwbG9hZHMlMkZ4aW5nLmpwZyUyMiUyMG9ubW91c2VvdmVyJTNEJTIydGhpcy5zcmMlM0QlMjdodHRwcyUzQSUyRiUyRmp1ci1sYXcuZGUlMkZ3cC1jb250ZW50JTJGdXBsb2FkcyUyRnhpbmcxLmpwZyUyNyUyMiUyMG9ubW91c2VvdXQlM0QlMjJ0aGlzLnNyYyUzRCUyN2h0dHBzJTNBJTJGJTJGanVyLWxhdy5kZSUyRndwLWNvbnRlbnQlMkZ1cGxvYWRzJTJGeGluZy5qcGclMjclMjIlM0UlM0MlMkZhJTNFJTNDJTJGcCUzRQ==[\/vc_raw_html][\/vc_column_inner][vc_column_inner width=&#8221;1\/6&#8243;][\/vc_column_inner][vc_column_inner width=&#8221;1\/6&#8243;][\/vc_column_inner][\/vc_row_inner][\/vc_column][\/vc_row][vc_row][vc_column][vc_tta_accordion style=&#8221;simple_solid&#8221; shape=&#8221;square&#8221;&#8230;<\/p>\n","protected":false},"author":1,"featured_media":0,"parent":784,"menu_order":0,"comment_status":"closed","ping_status":"closed","template":"","meta":{"footnotes":""},"class_list":["post-5555","page","type-page","status-publish"],"yoast_head":"<!-- This site is optimized with the Yoast SEO plugin v26.9 - https:\/\/yoast.com\/product\/yoast-seo-wordpress\/ -->\n<title>Rechtsanwalt Ahmet Caglayan - JUR | URBAN Rechtsanwalt Berlin<\/title>\n<meta name=\"description\" content=\"Rechtsanwalt Ahmet Caglayan - JUR | URBAN Rechtsanwaltsgesellschaft mbH (Berlin), Immobilienrecht Handels- und Gesellschaftsrecht.\" \/>\n<meta name=\"robots\" content=\"index, follow, max-snippet:-1, max-image-preview:large, max-video-preview:-1\" \/>\n<link rel=\"canonical\" href=\"https:\/\/jur-law.de\/en\/team\/rechtsanwalt-ahmet-caglayan\/\" \/>\n<meta property=\"og:locale\" content=\"en_US\" \/>\n<meta property=\"og:type\" content=\"article\" \/>\n<meta property=\"og:title\" content=\"Rechtsanwalt Ahmet Caglayan - JUR | URBAN Rechtsanwalt Berlin\" \/>\n<meta property=\"og:description\" content=\"Rechtsanwalt Ahmet Caglayan - JUR | URBAN Rechtsanwaltsgesellschaft mbH (Berlin), Immobilienrecht Handels- und Gesellschaftsrecht.\" \/>\n<meta property=\"og:url\" content=\"https:\/\/jur-law.de\/en\/team\/rechtsanwalt-ahmet-caglayan\/\" \/>\n<meta property=\"og:site_name\" content=\"JUR LAW\" \/>\n<meta name=\"twitter:card\" content=\"summary_large_image\" \/>\n<meta name=\"twitter:label1\" content=\"Est. reading time\" \/>\n\t<meta name=\"twitter:data1\" content=\"1 minute\" \/>\n<script type=\"application\/ld+json\" class=\"yoast-schema-graph\">{\"@context\":\"https:\/\/schema.org\",\"@graph\":[{\"@type\":\"WebPage\",\"@id\":\"https:\/\/jur-law.de\/en\/team\/rechtsanwalt-ahmet-caglayan\/\",\"url\":\"https:\/\/jur-law.de\/en\/team\/rechtsanwalt-ahmet-caglayan\/\",\"name\":\"Rechtsanwalt Ahmet Caglayan - JUR | URBAN Rechtsanwalt Berlin\",\"isPartOf\":{\"@id\":\"https:\/\/jur-law.de\/en\/#website\"},\"datePublished\":\"2022-04-22T05:53:22+00:00\",\"description\":\"Rechtsanwalt Ahmet Caglayan - JUR | URBAN Rechtsanwaltsgesellschaft mbH (Berlin), Immobilienrecht Handels- und Gesellschaftsrecht.\",\"breadcrumb\":{\"@id\":\"https:\/\/jur-law.de\/en\/team\/rechtsanwalt-ahmet-caglayan\/#breadcrumb\"},\"inLanguage\":\"en-US\",\"potentialAction\":[{\"@type\":\"ReadAction\",\"target\":[\"https:\/\/jur-law.de\/en\/team\/rechtsanwalt-ahmet-caglayan\/\"]}]},{\"@type\":\"BreadcrumbList\",\"@id\":\"https:\/\/jur-law.de\/en\/team\/rechtsanwalt-ahmet-caglayan\/#breadcrumb\",\"itemListElement\":[{\"@type\":\"ListItem\",\"position\":1,\"name\":\"Startseite\",\"item\":\"https:\/\/jur-law.de\/en\/\"},{\"@type\":\"ListItem\",\"position\":2,\"name\":\"\u00dcber uns\",\"item\":\"https:\/\/jur-law.de\/en\/team\/\"},{\"@type\":\"ListItem\",\"position\":3,\"name\":\"Rechtsanwalt Ahmet Caglayan\"}]},{\"@type\":\"WebSite\",\"@id\":\"https:\/\/jur-law.de\/en\/#website\",\"url\":\"https:\/\/jur-law.de\/en\/\",\"name\":\"JUR LAW\",\"description\":\"\",\"potentialAction\":[{\"@type\":\"SearchAction\",\"target\":{\"@type\":\"EntryPoint\",\"urlTemplate\":\"https:\/\/jur-law.de\/en\/?s={search_term_string}\"},\"query-input\":{\"@type\":\"PropertyValueSpecification\",\"valueRequired\":true,\"valueName\":\"search_term_string\"}}],\"inLanguage\":\"en-US\"}]}<\/script>\n<!-- \/ Yoast SEO plugin. -->","yoast_head_json":{"title":"Rechtsanwalt Ahmet Caglayan - JUR | URBAN Rechtsanwalt Berlin","description":"Rechtsanwalt Ahmet Caglayan - JUR | URBAN Rechtsanwaltsgesellschaft mbH (Berlin), Immobilienrecht Handels- und Gesellschaftsrecht.","robots":{"index":"index","follow":"follow","max-snippet":"max-snippet:-1","max-image-preview":"max-image-preview:large","max-video-preview":"max-video-preview:-1"},"canonical":"https:\/\/jur-law.de\/en\/team\/rechtsanwalt-ahmet-caglayan\/","og_locale":"en_US","og_type":"article","og_title":"Rechtsanwalt Ahmet Caglayan - JUR | URBAN Rechtsanwalt Berlin","og_description":"Rechtsanwalt Ahmet Caglayan - JUR | URBAN Rechtsanwaltsgesellschaft mbH (Berlin), Immobilienrecht Handels- und Gesellschaftsrecht.","og_url":"https:\/\/jur-law.de\/en\/team\/rechtsanwalt-ahmet-caglayan\/","og_site_name":"JUR LAW","twitter_card":"summary_large_image","twitter_misc":{"Est. reading time":"1 minute"},"schema":{"@context":"https:\/\/schema.org","@graph":[{"@type":"WebPage","@id":"https:\/\/jur-law.de\/en\/team\/rechtsanwalt-ahmet-caglayan\/","url":"https:\/\/jur-law.de\/en\/team\/rechtsanwalt-ahmet-caglayan\/","name":"Rechtsanwalt Ahmet Caglayan - JUR | URBAN Rechtsanwalt Berlin","isPartOf":{"@id":"https:\/\/jur-law.de\/en\/#website"},"datePublished":"2022-04-22T05:53:22+00:00","description":"Rechtsanwalt Ahmet Caglayan - JUR | URBAN Rechtsanwaltsgesellschaft mbH (Berlin), Immobilienrecht Handels- und Gesellschaftsrecht.","breadcrumb":{"@id":"https:\/\/jur-law.de\/en\/team\/rechtsanwalt-ahmet-caglayan\/#breadcrumb"},"inLanguage":"en-US","potentialAction":[{"@type":"ReadAction","target":["https:\/\/jur-law.de\/en\/team\/rechtsanwalt-ahmet-caglayan\/"]}]},{"@type":"BreadcrumbList","@id":"https:\/\/jur-law.de\/en\/team\/rechtsanwalt-ahmet-caglayan\/#breadcrumb","itemListElement":[{"@type":"ListItem","position":1,"name":"Startseite","item":"https:\/\/jur-law.de\/en\/"},{"@type":"ListItem","position":2,"name":"\u00dcber uns","item":"https:\/\/jur-law.de\/en\/team\/"},{"@type":"ListItem","position":3,"name":"Rechtsanwalt Ahmet Caglayan"}]},{"@type":"WebSite","@id":"https:\/\/jur-law.de\/en\/#website","url":"https:\/\/jur-law.de\/en\/","name":"JUR LAW","description":"","potentialAction":[{"@type":"SearchAction","target":{"@type":"EntryPoint","urlTemplate":"https:\/\/jur-law.de\/en\/?s={search_term_string}"},"query-input":{"@type":"PropertyValueSpecification","valueRequired":true,"valueName":"search_term_string"}}],"inLanguage":"en-US"}]}},"_links":{"self":[{"href":"https:\/\/jur-law.de\/en\/wp-json\/wp\/v2\/pages\/5555","targetHints":{"allow":["GET"]}}],"collection":[{"href":"https:\/\/jur-law.de\/en\/wp-json\/wp\/v2\/pages"}],"about":[{"href":"https:\/\/jur-law.de\/en\/wp-json\/wp\/v2\/types\/page"}],"author":[{"embeddable":true,"href":"https:\/\/jur-law.de\/en\/wp-json\/wp\/v2\/users\/1"}],"replies":[{"embeddable":true,"href":"https:\/\/jur-law.de\/en\/wp-json\/wp\/v2\/comments?post=5555"}],"version-history":[{"count":0,"href":"https:\/\/jur-law.de\/en\/wp-json\/wp\/v2\/pages\/5555\/revisions"}],"up":[{"embeddable":true,"href":"https:\/\/jur-law.de\/en\/wp-json\/wp\/v2\/pages\/784"}],"wp:attachment":[{"href":"https:\/\/jur-law.de\/en\/wp-json\/wp\/v2\/media?parent=5555"}],"curies":[{"name":"wp","href":"https:\/\/api.w.org\/{rel}","templated":true}]}}